{"id":1702,"date":"2021-04-15T13:20:24","date_gmt":"2021-04-15T13:20:24","guid":{"rendered":"https:\/\/prospects.ejuniper.com\/password-reset\/"},"modified":"2026-01-05T08:39:08","modified_gmt":"2026-01-05T08:39:08","slug":"password-reset","status":"publish","type":"page","link":"https:\/\/prospects.ejuniper.com\/es\/password-reset\/","title":{"rendered":"Password Reset"},"content":{"rendered":"\t\t<div data-elementor-type=\"wp-page\" data-elementor-id=\"1702\" class=\"elementor elementor-1702\" data-elementor-post-type=\"page\">\n\t\t\t\t<div class=\"elementor-element elementor-element-6794ca3e e-flex e-con-boxed e-con e-parent\" data-id=\"6794ca3e\" data-element_type=\"container\" data-e-type=\"container\">\n\t\t\t\t\t<div class=\"e-con-inner\">\n\t\t\t\t<div class=\"elementor-element elementor-element-71c1230 elementor-widget elementor-widget-shortcode\" data-id=\"71c1230\" data-element_type=\"widget\" data-e-type=\"widget\" data-widget_type=\"shortcode.default\">\n\t\t\t\t\t\t\t<div class=\"elementor-shortcode\"><div style=\"\n\n    --border-radius:0;\n    --container-widget-width:100%;\n    --width:100%;\n    --padding-top:100px;\n    --padding-bottom:160px;\n    --content-width:700px;\n    text-align:center;\n    line-height:1;\n    font-family:&quot;Montserrat&quot;, Sans-serif;\n    font-size:38px;\n    color:var(--e-global-color-560b1f9);\n    box-sizing:border-box;\n    font-weight:400;\n  \">Actualiza tu contrase\u00f1a:<\/div>\n<\/div>\n\t\t\t\t\t\t<\/div>\n\t\t\t\t<div class=\"elementor-element elementor-element-2ee4b21e elementor-widget elementor-widget-shortcode\" data-id=\"2ee4b21e\" data-element_type=\"widget\" data-e-type=\"widget\" data-widget_type=\"shortcode.default\">\n\t\t\t\t\t\t\t<div class=\"elementor-shortcode\"><div class=\"um um-password um-um_password_id\">\n\t<div class=\"um-form\">\n\t\t<form method=\"post\" action=\"\">\n\t\t\t\n\t\t\t\t<input type=\"hidden\" name=\"_um_password_reset\" id=\"_um_password_reset\" value=\"1\" \/>\n\n\t\t\t\t\t\t\t\t\t<div class=\"um-field um-field-block um-field-type_block\">\n\t\t\t\t\t\t<div class=\"um-field-block\">\n\t\t\t\t\t\t\t<div style=\"text-align:center;\">\n\t\t\t\t\t\t\t\tPara restablecer tu contrase\u00f1a, por favor, introduce a continuaci\u00f3n tu direcci\u00f3n de correo electr\u00f3nico o nombre de usuario.\t\t\t\t\t\t\t<\/div>\n\t\t\t\t\t\t<\/div>\n\t\t\t\t\t<\/div>\n\t\t\t\t\t<div  id=\"um_field_0_username_b\" class=\"um-field um-field-text  um-field-username_b um-field-text um-field-type_text\" data-key=\"username_b\"><div class=\"um-field-area\"><input  autocomplete=\"off\" class=\"um-form-field valid \" type=\"text\" name=\"username_b\" id=\"username_b\" value=\"\" placeholder=\"Introduce tu nombre de usuario o correo electr\u00f3nico\" data-validate=\"\" data-key=\"username_b\"  aria-invalid=\"false\" \/>\n\n\t\t\t\t\t\t<\/div><\/div>\t\t\t\t<div class=\"um-col-alt um-col-alt-b\">\n\t\t\t\t\t<div class=\"um-center\">\n\t\t\t\t\t\t<input type=\"submit\" value=\"Restablecer contrase\u00f1a\" class=\"um-button\" id=\"um-submit-btn\" \/>\n\t\t\t\t\t<\/div>\n\t\t\t\t\t<div class=\"um-clear\"><\/div>\n\t\t\t\t<\/div>\n\t\t\t\t\t<input type=\"hidden\" name=\"form_id\" id=\"form_id_um_password_id\" value=\"um_password_id\" \/>\n\t\t<p class=\"um_request_name\">\n\t\t<label for=\"um_request_um_password_id\">Only fill in if you are not human<\/label>\n\t\t<input type=\"hidden\" name=\"um_request\" id=\"um_request_um_password_id\" class=\"input\" value=\"\" size=\"25\" autocomplete=\"off\" \/>\n\t<\/p>\n\t\t\t<\/form>\n\t<\/div>\n<\/div>\n<style>\n\t\t\t.um-um_password_id.um {\n\t\t\tmax-width: 450px;\n\t\t}\n\t\t<\/style>\n<\/div>\n\t\t\t\t\t\t<\/div>\n\t\t\t\t\t<\/div>\n\t\t\t\t<\/div>\n\t\t\t\t<\/div>\n\t\t","protected":false},"excerpt":{"rendered":"","protected":false},"author":1,"featured_media":3867,"parent":0,"menu_order":0,"comment_status":"closed","ping_status":"closed","template":"","meta":{"_acf_changed":false,"footnotes":""},"class_list":["post-1702","page","type-page","status-publish","has-post-thumbnail","hentry"],"acf":[],"yoast_head":"<!-- This site is optimized with the Yoast SEO plugin v27.3 - https:\/\/yoast.com\/product\/yoast-seo-wordpress\/ -->\n<title>Password Reset - Juniper Prospects<\/title>\n<meta name=\"robots\" content=\"noindex, nofollow\" \/>\n<meta property=\"og:locale\" content=\"es_ES\" \/>\n<meta property=\"og:type\" content=\"article\" \/>\n<meta property=\"og:title\" content=\"Password Reset - Juniper Prospects\" \/>\n<meta property=\"og:url\" content=\"https:\/\/prospects.ejuniper.com\/es\/password-reset\/\" \/>\n<meta property=\"og:site_name\" content=\"Juniper Prospects\" \/>\n<meta property=\"article:modified_time\" content=\"2026-01-05T08:39:08+00:00\" \/>\n<meta property=\"og:image\" content=\"https:\/\/prospects.ejuniper.com\/wp-content\/uploads\/2025\/11\/tecla.png\" \/>\n\t<meta property=\"og:image:width\" content=\"239\" \/>\n\t<meta property=\"og:image:height\" content=\"217\" \/>\n\t<meta property=\"og:image:type\" content=\"image\/png\" \/>\n<meta name=\"twitter:card\" content=\"summary_large_image\" \/>\n<meta name=\"twitter:label1\" content=\"Tiempo de lectura\" \/>\n\t<meta name=\"twitter:data1\" content=\"1 minuto\" \/>\n<script type=\"application\/ld+json\" class=\"yoast-schema-graph\">{\"@context\":\"https:\\\/\\\/schema.org\",\"@graph\":[{\"@type\":\"WebPage\",\"@id\":\"https:\\\/\\\/prospects.ejuniper.com\\\/es\\\/password-reset\\\/\",\"url\":\"https:\\\/\\\/prospects.ejuniper.com\\\/es\\\/password-reset\\\/\",\"name\":\"Password Reset - Juniper Prospects\",\"isPartOf\":{\"@id\":\"https:\\\/\\\/prospects.ejuniper.com\\\/es\\\/#website\"},\"primaryImageOfPage\":{\"@id\":\"https:\\\/\\\/prospects.ejuniper.com\\\/es\\\/password-reset\\\/#primaryimage\"},\"image\":{\"@id\":\"https:\\\/\\\/prospects.ejuniper.com\\\/es\\\/password-reset\\\/#primaryimage\"},\"thumbnailUrl\":\"https:\\\/\\\/prospects.ejuniper.com\\\/wp-content\\\/uploads\\\/2025\\\/11\\\/tecla.png\",\"datePublished\":\"2021-04-15T13:20:24+00:00\",\"dateModified\":\"2026-01-05T08:39:08+00:00\",\"breadcrumb\":{\"@id\":\"https:\\\/\\\/prospects.ejuniper.com\\\/es\\\/password-reset\\\/#breadcrumb\"},\"inLanguage\":\"es\",\"potentialAction\":[{\"@type\":\"ReadAction\",\"target\":[\"https:\\\/\\\/prospects.ejuniper.com\\\/es\\\/password-reset\\\/\"]}]},{\"@type\":\"ImageObject\",\"inLanguage\":\"es\",\"@id\":\"https:\\\/\\\/prospects.ejuniper.com\\\/es\\\/password-reset\\\/#primaryimage\",\"url\":\"https:\\\/\\\/prospects.ejuniper.com\\\/wp-content\\\/uploads\\\/2025\\\/11\\\/tecla.png\",\"contentUrl\":\"https:\\\/\\\/prospects.ejuniper.com\\\/wp-content\\\/uploads\\\/2025\\\/11\\\/tecla.png\",\"width\":239,\"height\":217},{\"@type\":\"BreadcrumbList\",\"@id\":\"https:\\\/\\\/prospects.ejuniper.com\\\/es\\\/password-reset\\\/#breadcrumb\",\"itemListElement\":[{\"@type\":\"ListItem\",\"position\":1,\"name\":\"Home\",\"item\":\"https:\\\/\\\/prospects.ejuniper.com\\\/es\\\/\"},{\"@type\":\"ListItem\",\"position\":2,\"name\":\"Password Reset\"}]},{\"@type\":\"WebSite\",\"@id\":\"https:\\\/\\\/prospects.ejuniper.com\\\/es\\\/#website\",\"url\":\"https:\\\/\\\/prospects.ejuniper.com\\\/es\\\/\",\"name\":\"Juniper Prospects\",\"description\":\"Your Technology Partner\",\"publisher\":{\"@id\":\"https:\\\/\\\/prospects.ejuniper.com\\\/es\\\/#organization\"},\"potentialAction\":[{\"@type\":\"SearchAction\",\"target\":{\"@type\":\"EntryPoint\",\"urlTemplate\":\"https:\\\/\\\/prospects.ejuniper.com\\\/es\\\/?s={search_term_string}\"},\"query-input\":{\"@type\":\"PropertyValueSpecification\",\"valueRequired\":true,\"valueName\":\"search_term_string\"}}],\"inLanguage\":\"es\"},{\"@type\":\"Organization\",\"@id\":\"https:\\\/\\\/prospects.ejuniper.com\\\/es\\\/#organization\",\"name\":\"Juniper Prospects\",\"url\":\"https:\\\/\\\/prospects.ejuniper.com\\\/es\\\/\",\"logo\":{\"@type\":\"ImageObject\",\"inLanguage\":\"es\",\"@id\":\"https:\\\/\\\/prospects.ejuniper.com\\\/es\\\/#\\\/schema\\\/logo\\\/image\\\/\",\"url\":\"https:\\\/\\\/prospects.ejuniper.com\\\/wp-content\\\/uploads\\\/2025\\\/11\\\/juniper_csi.png\",\"contentUrl\":\"https:\\\/\\\/prospects.ejuniper.com\\\/wp-content\\\/uploads\\\/2025\\\/11\\\/juniper_csi.png\",\"width\":312,\"height\":68,\"caption\":\"Juniper Prospects\"},\"image\":{\"@id\":\"https:\\\/\\\/prospects.ejuniper.com\\\/es\\\/#\\\/schema\\\/logo\\\/image\\\/\"}}]}<\/script>\n<!-- \/ Yoast SEO plugin. -->","yoast_head_json":{"title":"Password Reset - Juniper Prospects","robots":{"index":"noindex","follow":"nofollow"},"og_locale":"es_ES","og_type":"article","og_title":"Password Reset - Juniper Prospects","og_url":"https:\/\/prospects.ejuniper.com\/es\/password-reset\/","og_site_name":"Juniper Prospects","article_modified_time":"2026-01-05T08:39:08+00:00","og_image":[{"width":239,"height":217,"url":"https:\/\/prospects.ejuniper.com\/wp-content\/uploads\/2025\/11\/tecla.png","type":"image\/png"}],"twitter_card":"summary_large_image","twitter_misc":{"Tiempo de lectura":"1 minuto"},"schema":{"@context":"https:\/\/schema.org","@graph":[{"@type":"WebPage","@id":"https:\/\/prospects.ejuniper.com\/es\/password-reset\/","url":"https:\/\/prospects.ejuniper.com\/es\/password-reset\/","name":"Password Reset - Juniper Prospects","isPartOf":{"@id":"https:\/\/prospects.ejuniper.com\/es\/#website"},"primaryImageOfPage":{"@id":"https:\/\/prospects.ejuniper.com\/es\/password-reset\/#primaryimage"},"image":{"@id":"https:\/\/prospects.ejuniper.com\/es\/password-reset\/#primaryimage"},"thumbnailUrl":"https:\/\/prospects.ejuniper.com\/wp-content\/uploads\/2025\/11\/tecla.png","datePublished":"2021-04-15T13:20:24+00:00","dateModified":"2026-01-05T08:39:08+00:00","breadcrumb":{"@id":"https:\/\/prospects.ejuniper.com\/es\/password-reset\/#breadcrumb"},"inLanguage":"es","potentialAction":[{"@type":"ReadAction","target":["https:\/\/prospects.ejuniper.com\/es\/password-reset\/"]}]},{"@type":"ImageObject","inLanguage":"es","@id":"https:\/\/prospects.ejuniper.com\/es\/password-reset\/#primaryimage","url":"https:\/\/prospects.ejuniper.com\/wp-content\/uploads\/2025\/11\/tecla.png","contentUrl":"https:\/\/prospects.ejuniper.com\/wp-content\/uploads\/2025\/11\/tecla.png","width":239,"height":217},{"@type":"BreadcrumbList","@id":"https:\/\/prospects.ejuniper.com\/es\/password-reset\/#breadcrumb","itemListElement":[{"@type":"ListItem","position":1,"name":"Home","item":"https:\/\/prospects.ejuniper.com\/es\/"},{"@type":"ListItem","position":2,"name":"Password Reset"}]},{"@type":"WebSite","@id":"https:\/\/prospects.ejuniper.com\/es\/#website","url":"https:\/\/prospects.ejuniper.com\/es\/","name":"Juniper Prospects","description":"Your Technology Partner","publisher":{"@id":"https:\/\/prospects.ejuniper.com\/es\/#organization"},"potentialAction":[{"@type":"SearchAction","target":{"@type":"EntryPoint","urlTemplate":"https:\/\/prospects.ejuniper.com\/es\/?s={search_term_string}"},"query-input":{"@type":"PropertyValueSpecification","valueRequired":true,"valueName":"search_term_string"}}],"inLanguage":"es"},{"@type":"Organization","@id":"https:\/\/prospects.ejuniper.com\/es\/#organization","name":"Juniper Prospects","url":"https:\/\/prospects.ejuniper.com\/es\/","logo":{"@type":"ImageObject","inLanguage":"es","@id":"https:\/\/prospects.ejuniper.com\/es\/#\/schema\/logo\/image\/","url":"https:\/\/prospects.ejuniper.com\/wp-content\/uploads\/2025\/11\/juniper_csi.png","contentUrl":"https:\/\/prospects.ejuniper.com\/wp-content\/uploads\/2025\/11\/juniper_csi.png","width":312,"height":68,"caption":"Juniper Prospects"},"image":{"@id":"https:\/\/prospects.ejuniper.com\/es\/#\/schema\/logo\/image\/"}}]}},"_links":{"self":[{"href":"https:\/\/prospects.ejuniper.com\/es\/wp-json\/wp\/v2\/pages\/1702","targetHints":{"allow":["GET"]}}],"collection":[{"href":"https:\/\/prospects.ejuniper.com\/es\/wp-json\/wp\/v2\/pages"}],"about":[{"href":"https:\/\/prospects.ejuniper.com\/es\/wp-json\/wp\/v2\/types\/page"}],"author":[{"embeddable":true,"href":"https:\/\/prospects.ejuniper.com\/es\/wp-json\/wp\/v2\/users\/1"}],"replies":[{"embeddable":true,"href":"https:\/\/prospects.ejuniper.com\/es\/wp-json\/wp\/v2\/comments?post=1702"}],"version-history":[{"count":9,"href":"https:\/\/prospects.ejuniper.com\/es\/wp-json\/wp\/v2\/pages\/1702\/revisions"}],"predecessor-version":[{"id":3862,"href":"https:\/\/prospects.ejuniper.com\/es\/wp-json\/wp\/v2\/pages\/1702\/revisions\/3862"}],"wp:featuredmedia":[{"embeddable":true,"href":"https:\/\/prospects.ejuniper.com\/es\/wp-json\/wp\/v2\/media\/3867"}],"wp:attachment":[{"href":"https:\/\/prospects.ejuniper.com\/es\/wp-json\/wp\/v2\/media?parent=1702"}],"curies":[{"name":"wp","href":"https:\/\/api.w.org\/{rel}","templated":true}]}}